{"id":2,"date":"2024-07-21T15:07:13","date_gmt":"2024-07-21T15:07:13","guid":{"rendered":"https:\/\/general-bytes.com\/?page_id=2"},"modified":"2024-07-21T16:01:53","modified_gmt":"2024-07-21T16:01:53","slug":"sample-page","status":"publish","type":"page","link":"https:\/\/general-bytes.com\/?page_id=2","title":{"rendered":"Kontakt"},"content":{"rendered":"\n<p>GB General Bytes GmbH<br>Kreuzweg 15<br>5400 Baden \/ Schweiz<br>Gesch\u00e4ftsf\u00fchrer: Andr\u00e9 LIson<br>0041-76-5620502<\/p>\n\n\n\n<p>Firmennummer: CHE-115.855.695<br>Ust-Id: CHE-115.855.695 MWST<\/p>\n\n\n\n<p><\/p>\n\n\n\n<p><\/p>\n\n\n\n<p><\/p>\n\n\n\n<p><\/p>\n","protected":false},"excerpt":{"rendered":"<p>GB General Bytes GmbHKreuzweg 155400 Baden \/ SchweizGesch\u00e4ftsf\u00fchrer: Andr\u00e9 LIson0041-76-5620502 Firmennummer: CHE-115.855.695Ust-Id: CHE-115.855.695 MWST<\/p>\n","protected":false},"author":1,"featured_media":0,"parent":0,"menu_order":0,"comment_status":"closed","ping_status":"open","template":"","meta":{"footnotes":""},"class_list":["post-2","page","type-page","status-publish","hentry"],"yoast_head":"<!-- This site is optimized with the Yoast SEO plugin v23.0 - https:\/\/yoast.com\/wordpress\/plugins\/seo\/ -->\n<title>Kontakt - GB General Bytes GmbH<\/title>\n<meta name=\"robots\" content=\"index, follow, max-snippet:-1, max-image-preview:large, max-video-preview:-1\" \/>\n<link rel=\"canonical\" href=\"https:\/\/general-bytes.com\/?page_id=2\" \/>\n<meta property=\"og:locale\" content=\"de_DE\" \/>\n<meta property=\"og:type\" content=\"article\" \/>\n<meta property=\"og:title\" content=\"Kontakt - GB General Bytes GmbH\" \/>\n<meta property=\"og:description\" content=\"GB General Bytes GmbHKreuzweg 155400 Baden \/ SchweizGesch\u00e4ftsf\u00fchrer: Andr\u00e9 LIson0041-76-5620502 Firmennummer: CHE-115.855.695Ust-Id: CHE-115.855.695 MWST\" \/>\n<meta property=\"og:url\" content=\"https:\/\/general-bytes.com\/?page_id=2\" \/>\n<meta property=\"og:site_name\" content=\"GB General Bytes GmbH\" \/>\n<meta property=\"article:modified_time\" content=\"2024-07-21T16:01:53+00:00\" \/>\n<meta name=\"twitter:card\" content=\"summary_large_image\" \/>\n<meta name=\"twitter:label1\" content=\"Gesch\u00e4tzte Lesezeit\" \/>\n\t<meta name=\"twitter:data1\" content=\"1\u00a0Minute\" \/>\n<script type=\"application\/ld+json\" class=\"yoast-schema-graph\">{\"@context\":\"https:\/\/schema.org\",\"@graph\":[{\"@type\":\"WebPage\",\"@id\":\"https:\/\/general-bytes.com\/?page_id=2\",\"url\":\"https:\/\/general-bytes.com\/?page_id=2\",\"name\":\"Kontakt - GB General Bytes GmbH\",\"isPartOf\":{\"@id\":\"https:\/\/general-bytes.com\/#website\"},\"datePublished\":\"2024-07-21T15:07:13+00:00\",\"dateModified\":\"2024-07-21T16:01:53+00:00\",\"breadcrumb\":{\"@id\":\"https:\/\/general-bytes.com\/?page_id=2#breadcrumb\"},\"inLanguage\":\"de-CH\",\"potentialAction\":[{\"@type\":\"ReadAction\",\"target\":[\"https:\/\/general-bytes.com\/?page_id=2\"]}]},{\"@type\":\"BreadcrumbList\",\"@id\":\"https:\/\/general-bytes.com\/?page_id=2#breadcrumb\",\"itemListElement\":[{\"@type\":\"ListItem\",\"position\":1,\"name\":\"Startseite\",\"item\":\"https:\/\/general-bytes.com\/\"},{\"@type\":\"ListItem\",\"position\":2,\"name\":\"Kontakt\"}]},{\"@type\":\"WebSite\",\"@id\":\"https:\/\/general-bytes.com\/#website\",\"url\":\"https:\/\/general-bytes.com\/\",\"name\":\"GB General Bytes GmbH\",\"description\":\"\",\"potentialAction\":[{\"@type\":\"SearchAction\",\"target\":{\"@type\":\"EntryPoint\",\"urlTemplate\":\"https:\/\/general-bytes.com\/?s={search_term_string}\"},\"query-input\":\"required name=search_term_string\"}],\"inLanguage\":\"de-CH\"}]}<\/script>\n<!-- \/ Yoast SEO plugin. -->","yoast_head_json":{"title":"Kontakt - GB General Bytes GmbH","robots":{"index":"index","follow":"follow","max-snippet":"max-snippet:-1","max-image-preview":"max-image-preview:large","max-video-preview":"max-video-preview:-1"},"canonical":"https:\/\/general-bytes.com\/?page_id=2","og_locale":"de_DE","og_type":"article","og_title":"Kontakt - GB General Bytes GmbH","og_description":"GB General Bytes GmbHKreuzweg 155400 Baden \/ SchweizGesch\u00e4ftsf\u00fchrer: Andr\u00e9 LIson0041-76-5620502 Firmennummer: CHE-115.855.695Ust-Id: CHE-115.855.695 MWST","og_url":"https:\/\/general-bytes.com\/?page_id=2","og_site_name":"GB General Bytes GmbH","article_modified_time":"2024-07-21T16:01:53+00:00","twitter_card":"summary_large_image","twitter_misc":{"Gesch\u00e4tzte Lesezeit":"1\u00a0Minute"},"schema":{"@context":"https:\/\/schema.org","@graph":[{"@type":"WebPage","@id":"https:\/\/general-bytes.com\/?page_id=2","url":"https:\/\/general-bytes.com\/?page_id=2","name":"Kontakt - GB General Bytes GmbH","isPartOf":{"@id":"https:\/\/general-bytes.com\/#website"},"datePublished":"2024-07-21T15:07:13+00:00","dateModified":"2024-07-21T16:01:53+00:00","breadcrumb":{"@id":"https:\/\/general-bytes.com\/?page_id=2#breadcrumb"},"inLanguage":"de-CH","potentialAction":[{"@type":"ReadAction","target":["https:\/\/general-bytes.com\/?page_id=2"]}]},{"@type":"BreadcrumbList","@id":"https:\/\/general-bytes.com\/?page_id=2#breadcrumb","itemListElement":[{"@type":"ListItem","position":1,"name":"Startseite","item":"https:\/\/general-bytes.com\/"},{"@type":"ListItem","position":2,"name":"Kontakt"}]},{"@type":"WebSite","@id":"https:\/\/general-bytes.com\/#website","url":"https:\/\/general-bytes.com\/","name":"GB General Bytes GmbH","description":"","potentialAction":[{"@type":"SearchAction","target":{"@type":"EntryPoint","urlTemplate":"https:\/\/general-bytes.com\/?s={search_term_string}"},"query-input":"required name=search_term_string"}],"inLanguage":"de-CH"}]}},"_links":{"self":[{"href":"https:\/\/general-bytes.com\/index.php?rest_route=\/wp\/v2\/pages\/2","targetHints":{"allow":["GET"]}}],"collection":[{"href":"https:\/\/general-bytes.com\/index.php?rest_route=\/wp\/v2\/pages"}],"about":[{"href":"https:\/\/general-bytes.com\/index.php?rest_route=\/wp\/v2\/types\/page"}],"author":[{"embeddable":true,"href":"https:\/\/general-bytes.com\/index.php?rest_route=\/wp\/v2\/users\/1"}],"replies":[{"embeddable":true,"href":"https:\/\/general-bytes.com\/index.php?rest_route=%2Fwp%2Fv2%2Fcomments&post=2"}],"version-history":[{"count":3,"href":"https:\/\/general-bytes.com\/index.php?rest_route=\/wp\/v2\/pages\/2\/revisions"}],"predecessor-version":[{"id":22,"href":"https:\/\/general-bytes.com\/index.php?rest_route=\/wp\/v2\/pages\/2\/revisions\/22"}],"wp:attachment":[{"href":"https:\/\/general-bytes.com\/index.php?rest_route=%2Fwp%2Fv2%2Fmedia&parent=2"}],"curies":[{"name":"wp","href":"https:\/\/api.w.org\/{rel}","templated":true}]}}